{"id":801,"date":"2025-05-22T14:27:52","date_gmt":"2025-05-22T14:27:52","guid":{"rendered":"https:\/\/persimonbouquet.com\/?page_id=801"},"modified":"2025-05-22T14:27:52","modified_gmt":"2025-05-22T14:27:52","slug":"politique-en-matiere-de-cookies","status":"publish","type":"page","link":"https:\/\/persimonbouquet.com\/fr\/politique-en-matiere-de-cookies\/","title":{"rendered":"POLITIQUE EN MATI\u00c8RE DE COOKIES"},"content":{"rendered":"<div class=\"fusion-fullwidth fullwidth-box fusion-builder-row-1 nonhundred-percent-fullwidth non-hundred-percent-height-scrolling\" style=\"background-color: rgba(255,255,255,0);background-position: center center;background-repeat: no-repeat;padding-top:0px;padding-right:30px;padding-bottom:0px;padding-left:30px;margin-bottom: 0px;margin-top: 0px;border-width: 0px 0px 0px 0px;border-color:#eae9e9;border-style:solid;\" ><div class=\"fusion-builder-row fusion-row\"><div class=\"fusion-layout-column fusion_builder_column fusion-builder-column-0 fusion_builder_column_1_1 1_1 fusion-one-full fusion-column-first fusion-column-last\" style=\"margin-top:0px;margin-bottom:0px;\"><div class=\"fusion-column-wrapper fusion-flex-column-wrapper-legacy\" style=\"background-position:left top;background-repeat:no-repeat;-webkit-background-size:cover;-moz-background-size:cover;-o-background-size:cover;background-size:cover;padding: 0px 0px 0px 0px;\"><div class=\"fusion-text fusion-text-1\"><h1 style=\"text-align: center;\">POLITIQUE EN MATI\u00c8RE DE COOKIES<\/h1>\n<\/div><div class=\"fusion-text fusion-text-2\"><p>Les informations qui suivent relatives \u00e0 notre politique en mati\u00e8re de cookies refl\u00e8tent l\u2019engagement d\u2019ANECOOP\u00a0S.\u00a0COOP. (ci-apr\u00e8s \u00ab\u00a0ANECOOP\u00a0\u00bb), en tant que responsable du traitement, \u00e0 utiliser des cookies et technologies similaires dans le respect du droit \u00e0 la confidentialit\u00e9 de chaque utilisateur de nos services. Ce document explique la fa\u00e7on dont nous utilisons ces cookies et technologies pendant l\u2019utilisation de nos services\u00a0:<\/p>\n<p><em><strong>1. DESCRIPTION DES COOKIES<\/strong><\/em><\/p>\n<p>Un \u00ab\u00a0cookie\u00a0\u00bb est un petit fichier texte qu\u2019un site Web enregistre dans le navigateur de l\u2019utilisateur afin de faciliter la navigation sur le site. Ces fichiers sont essentiels au bon fonctionnement d\u2019Internet.<\/p>\n<p>\u00c0 titre d\u2019exemple, les cookies sont utilis\u00e9s pour m\u00e9moriser les pr\u00e9f\u00e9rences des utilisateurs sur un site Web (langue, navigateur utilis\u00e9), pour analyser les habitudes et comportements de navigation en vue d\u2019am\u00e9liorer les services propos\u00e9s ou pour adapter les contenus d\u2019un site Web aux pr\u00e9f\u00e9rences du visiteur.<\/p>\n<p><em><strong>2. QUELS SONT LES TYPES DE COOKIES UTILIS\u00c9S SUR CE SITE\u00a0?<\/strong><\/em><\/p>\n<p>EN FONCTION DE L\u2019ENTIT\u00c9 EN CHARGE DE LEUR GESTION<\/p>\n<ul>\n<li>Cookies internes\u00a0: il s\u2019agit des cookies envoy\u00e9s \u00e0 votre appareil depuis nos propres syst\u00e8mes ou domaines et depuis lesquels ANECOOP fournit le service que vous avez demand\u00e9.<\/li>\n<li>Cookies tiers\u00a0: il s\u2019agit des cookies envoy\u00e9s \u00e0 votre appareil depuis un \u00e9quipement ou domaine qui n\u2019est pas g\u00e9r\u00e9 par ANECOOP, mais par une entit\u00e9 tierce collaboratrice (cookies utilis\u00e9s par des r\u00e9seaux sociaux ou des contenus externes).<\/li>\n<\/ul>\n<p>EN FONCTION DE LEUR DUR\u00c9E D\u2019ACTIVATION<\/p>\n<ul>\n<li>Cookies de session\u00a0: il s\u2019agit de cookies temporaires qui restent dans le fichier de cookies du navigateur jusqu\u2019\u00e0 ce que l\u2019utilisateur quitte le site Web. Par cons\u00e9quent, aucune information n\u2019est stock\u00e9e sur le disque dur de l\u2019ordinateur. Les informations obtenues au moyen de ces cookies servent \u00e0 analyser les habitudes de navigation sur le site Web. \u00c0 terme, ils nous permettent d\u2019am\u00e9liorer l\u2019exp\u00e9rience utilisateur en optimisant les contenus et en facilitant leur utilisation.<\/li>\n<li>Cookies persistants\u00a0: ces cookies sont stock\u00e9s sur le disque dur et relus par notre site Web \u00e0 chaque nouvelle visite. Un cookie persistant poss\u00e8de une date d\u2019expiration donn\u00e9e et cesse de fonctionner une fois cette date atteinte. Ces cookies sont g\u00e9n\u00e9ralement utilis\u00e9s pour faciliter les services d\u2019achat et d\u2019enregistrement.<\/li>\n<\/ul>\n<p>EN FONCTION DE LEUR FINALIT\u00c9<\/p>\n<ul>\n<li>Cookies strictement n\u00e9cessaires\u00a0: ces cookies sont essentiels pour assurer la bonne navigation sur notre site. Ils garantissent le chargement efficace des contenus, en permettant la bonne utilisation des diff\u00e9rentes options ou des diff\u00e9rents services propos\u00e9s (achat en ligne, lutte contre la fraude rattach\u00e9e \u00e0 la s\u00e9curit\u00e9 du service, etc.). Les cookies analytiques agr\u00e9g\u00e9s pour comptabiliser le trafic et les pages visit\u00e9es font \u00e9galement partie de ce type de cookies.<\/li>\n<li>Cookies analytiques et d\u2019optimisation\u00a0: il s\u2019agit de cookies internes ou tiers qui permettent d\u2019optimiser l\u2019exp\u00e9rience utilisateur en \u00e9valuant les performances du site Web et en y ajoutant de nouvelles fonctionnalit\u00e9s.<\/li>\n<li>Cookies de personnalisation\u00a0: ces cookies permettent d\u2019enregistrer les pr\u00e9f\u00e9rences de l\u2019utilisateur pour am\u00e9liorer la qualit\u00e9 de nos services et proposer une meilleure exp\u00e9rience via des produits recommand\u00e9s. Certains de ces cookies peuvent \u00eatre multi-appareils.<\/li>\n<li>Cookies de publicit\u00e9 comportementale\u00a0: ces cookies sont utilis\u00e9s pour stocker des informations sur les comportements des utilisateurs \u00e0 travers une observation continue. Ils permettent d\u2019identifier les habitudes de navigation sur le site Web et d\u2019afficher des publicit\u00e9s qui r\u00e9pondent au profil de navigation de l\u2019utilisateur.<\/li>\n<\/ul>\n<p>Les types de cookies utilis\u00e9s et leur finalit\u00e9 sont d\u00e9crits ci-dessous, ces informations \u00e9tant accompagn\u00e9es de leur dur\u00e9e de conservation ainsi que de davantage de renseignements sur chacun d\u2019eux\u00a0:<\/p>\n<p><strong>Cookies\u00a0:<\/strong> _ga\u00a0\u00a0\u00a0\u00a0 <strong>Dur\u00e9e\u00a0:<\/strong> 2\u00a0ans<\/p>\n<p><strong>Finalit\u00e9\u00a0:<\/strong> cookie de Google Analytics 4 (GA4) associ\u00e9 \u00e0 la consommation.<\/p>\n<p><strong>Cookies\u00a0:<\/strong> _gat\u00a0\u00a0 <strong>Dur\u00e9e\u00a0:<\/strong> 10\u00a0minutes<\/p>\n<p><strong>Finalit\u00e9\u00a0:<\/strong> cookie de Google Analytics 4 (GA4) associ\u00e9 \u00e0 la consommation et utilis\u00e9, selon la documentation, pour limiter la vitesse des requ\u00eates et limiter la collecte de donn\u00e9es sur les sites \u00e0 trafic \u00e9lev\u00e9. Expire au bout de 10\u00a0minutes.<\/p>\n<p><strong>\u00a0<\/strong><\/p>\n<p><strong>Cookies\u00a0:<\/strong> _gid\u00a0\u00a0\u00a0 <strong>Dur\u00e9e\u00a0:<\/strong> 24\u00a0heures<\/p>\n<p><strong>Finalit\u00e9\u00a0:<\/strong> permet de distinguer les utilisateurs.<\/p>\n<p><strong>Cookies\u00a0:<\/strong> AEC\u00a0\u00a0\u00a0 <strong>Dur\u00e9e\u00a0:<\/strong> 6\u00a0mois<\/p>\n<p><strong>Finalit\u00e9\u00a0:<\/strong> cookie associ\u00e9 \u00e0 Google et utilis\u00e9 pour la d\u00e9tection de spams, de fraudes et d\u2019abus afin d\u2019\u00e9viter que les annonceurs ne soient factur\u00e9s par erreur pour des impressions ou des interactions frauduleuses ou non valides avec les annonces.<\/p>\n<p><strong>Cookies\u00a0:<\/strong> SOCS\u00a0 <strong>Dur\u00e9e\u00a0:<\/strong> 13\u00a0mois<\/p>\n<p><strong>Finalit\u00e9\u00a0:<\/strong> cookie associ\u00e9 \u00e0 Google pour stocker les pr\u00e9f\u00e9rences de cookies de l\u2019utilisateur.<\/p>\n<p><strong>Cookies\u00a0:<\/strong> COOKIE CONSENT\u00a0\u00a0\u00a0\u00a0\u00a0\u00a0\u00a0 <strong>Dur\u00e9e\u00a0:<\/strong> 1\u00a0an<\/p>\n<p><strong>Finalit\u00e9\u00a0:<\/strong> cookie utilis\u00e9 pour enregistrer le statut du consentement de l\u2019utilisateur en mati\u00e8re de cookies.<\/p>\n<p><strong>Cookies\u00a0:<\/strong> DV\u00a0\u00a0\u00a0\u00a0\u00a0 <strong>Dur\u00e9e\u00a0:<\/strong> 24\u00a0heures<\/p>\n<p><strong>Finalit\u00e9\u00a0:<\/strong> cookie associ\u00e9 \u00e0 Google Analytics qui permet de quantifier le nombre d\u2019utilisateurs et ainsi de disposer d\u2019une mesure et d\u2019une analyse statistique sur l\u2019utilisation de nos services en vue d\u2019am\u00e9liorer notre offre.<\/p>\n<p><em><strong>3. BASE L\u00c9GALE POUR L\u2019UTILISATION DE COOKIES<\/strong><\/em><\/p>\n<p>La base l\u00e9gale pour l\u2019utilisation des cookies strictement essentiels au fonctionnement du site est justifi\u00e9e par la n\u00e9cessit\u00e9 du traitement en vue de respecter l\u2019obligation l\u00e9gale d\u00e9coulant de la loi espagnole 34\/2002 sur les services de la soci\u00e9t\u00e9 de l\u2019information et du commerce \u00e9lectronique.<\/p>\n<p>La base l\u00e9gale pour l\u2019utilisation de cookies \u00e0 des fins analytiques, d\u2019optimisation, de personnalisation, de publicit\u00e9 comportementale et d\u2019\u00e9valuation repose sur le consentement demand\u00e9 \u00e0 l\u2019utilisateur, conform\u00e9ment \u00e0 l\u2019article 6.1.a) du r\u00e8glement (UE) 2016\/679.<\/p>\n<h2><\/h2>\n<p><strong><em>4. DUR\u00c9E DE CONSERVATION DES INFORMATIONS<\/em><\/strong><\/p>\n<p>Les informations sont conserv\u00e9es aussi longtemps que n\u00e9cessaire pour fournir le service demand\u00e9, jusqu\u2019\u00e0 ce que l\u2019utilisateur exprime son opposition ou jusqu\u2019\u00e0 ce qu\u2019il retire son consentement. Elles sont ensuite bloqu\u00e9es en vue de rendre leur utilisation impossible aussi longtemps que n\u00e9cessaire pour satisfaire \u00e0 l\u2019exercice ou \u00e0 la d\u00e9fense de r\u00e9clamations l\u00e9gales ou contractuelles. Une fois ce d\u00e9lai \u00e9coul\u00e9, les donn\u00e9es sont d\u00e9finitivement supprim\u00e9es.<\/p>\n<p>Dans les situations o\u00f9 des donn\u00e9es sont automatiquement obtenues au moyen de cookies, tenir compte du fait que certains d\u2019entre eux peuvent rester install\u00e9s plusieurs ann\u00e9es. Toutefois, il est possible d\u2019en limiter la dur\u00e9e en les supprimant des navigateurs ou des appareils.<\/p>\n<p><em><strong>5. M\u00c9THODES DE BLOCAGE ET DE LIMITATION DE L\u2019UTILISATION DES COOKIES<\/strong><\/em><\/p>\n<p>Il est important de souligner que ces technologies ne sont pas intrusives, puisque toutes les informations collect\u00e9es \u00e0 travers les cookies sont anonymes et ne peuvent en aucun cas \u00eatre associ\u00e9es \u00e0 un utilisateur pr\u00e9cis et identifi\u00e9. Elles permettent d\u2019adapter et d\u2019am\u00e9liorer les services pour r\u00e9pondre aux int\u00e9r\u00eats des utilisateurs. N\u00e9anmoins, l\u2019utilisateur peut emp\u00eacher la production de cookies en s\u00e9lectionnant l\u2019option appropri\u00e9e dans son navigateur. Garder \u00e0 l\u2019esprit que la d\u00e9sactivation de l\u2019utilisation de cookies peut ralentir la navigation.<\/p>\n<p>Concr\u00e8tement, tous les navigateurs permettent d\u2019effectuer des modifications afin de d\u00e9sactiver les cookies. Ces param\u00e8tres se trouvent dans les \u00ab\u00a0options\u00a0\u00bb ou \u00ab\u00a0pr\u00e9f\u00e9rences\u00a0\u00bb du menu du navigateur. Des liens expliquant la fa\u00e7on de d\u00e9sactiver les cookies en suivant les instructions des navigateurs les plus couramment utilis\u00e9s sont fournis ci-dessous\u00a0:<\/p>\n<ul>\n<li>Internet Explorer\u00a0:\u00a0<a href=\"https:\/\/support.microsoft.com\/fr-fr\/windows\/g%C3%A9rer-les-cookies-dans-microsoft-edge-afficher-autoriser-bloquer-supprimer-et-utiliser-168dab11-0753-043d-7c16-ede5947fc64d\">https:\/\/support.microsoft.com\/fr-fr\/windows\/g%C3%A9rer-les-cookies-dans-microsoft-edge-afficher-autoriser-bloquer-supprimer-et-utiliser-168dab11-0753-043d-7c16-ede5947fc64d<\/a><\/li>\n<li>Mozilla Firefox\u00a0:\u00a0<a href=\"https:\/\/support.mozilla.org\/fr\/kb\/cookies-informations-sites-enregistrent\">https:\/\/support.mozilla.org\/fr\/kb\/cookies-informations-sites-enregistrent<\/a><\/li>\n<li>Google Chrome\u00a0:\u00a0<a href=\"https:\/\/support.google.com\/chrome\/answer\/95647?hl=fr\">https:\/\/support.google.com\/chrome\/answer\/95647?hl=fr<\/a><\/li>\n<li>Safari:\u00a0<a href=\"https:\/\/support.apple.com\/fr-fr\/guide\/safari\/sfri11471\/mac\">https:\/\/support.apple.com\/fr-fr\/guide\/safari\/sfri11471\/mac<\/a><\/li>\n<\/ul>\n<p>En revanche, pour bloquer les cookies analytiques de Google, il est possible d\u2019installer un module compl\u00e9mentaire sur le navigateur en suivant les instructions fournies dans le lien suivant\u00a0: <u>https:\/\/tools.google.com\/dlpage\/gaoptout<\/u>.<\/p>\n<p>Il est \u00e9galement possible de modifier la configuration du consentement donn\u00e9 via le plugin disponible sur le site Web.<\/p>\n<p><em><strong>6. POUR PLUS D\u2019INFORMATIONS<\/strong><\/em><\/p>\n<p>Pour en savoir plus sur le traitement des donn\u00e9es, nous vous invitons \u00e0 consulter notre politique de confidentialit\u00e9. Par ailleurs, pour toute question concernant ces technologies, les utilisateurs peuvent nous \u00e9crire \u00e0 l\u2019adresse \u00e9lectronique RESPONSABLE.PRIVACIDAD@ANECOOP.COM.<\/p>\n<\/div><div class=\"fusion-clearfix\"><\/div><\/div><\/div><\/div><\/div>\n","protected":false},"excerpt":{"rendered":"","protected":false},"author":3,"featured_media":0,"parent":0,"menu_order":0,"comment_status":"closed","ping_status":"closed","template":"","meta":{"footnotes":""},"class_list":["post-801","page","type-page","status-publish","hentry"],"jetpack_sharing_enabled":true,"_links":{"self":[{"href":"https:\/\/persimonbouquet.com\/fr\/wp-json\/wp\/v2\/pages\/801","targetHints":{"allow":["GET"]}}],"collection":[{"href":"https:\/\/persimonbouquet.com\/fr\/wp-json\/wp\/v2\/pages"}],"about":[{"href":"https:\/\/persimonbouquet.com\/fr\/wp-json\/wp\/v2\/types\/page"}],"author":[{"embeddable":true,"href":"https:\/\/persimonbouquet.com\/fr\/wp-json\/wp\/v2\/users\/3"}],"replies":[{"embeddable":true,"href":"https:\/\/persimonbouquet.com\/fr\/wp-json\/wp\/v2\/comments?post=801"}],"version-history":[{"count":1,"href":"https:\/\/persimonbouquet.com\/fr\/wp-json\/wp\/v2\/pages\/801\/revisions"}],"predecessor-version":[{"id":817,"href":"https:\/\/persimonbouquet.com\/fr\/wp-json\/wp\/v2\/pages\/801\/revisions\/817"}],"wp:attachment":[{"href":"https:\/\/persimonbouquet.com\/fr\/wp-json\/wp\/v2\/media?parent=801"}],"curies":[{"name":"wp","href":"https:\/\/api.w.org\/{rel}","templated":true}]}}