{"id":793,"date":"2025-05-22T14:26:57","date_gmt":"2025-05-22T14:26:57","guid":{"rendered":"https:\/\/persimonbouquet.com\/?page_id=793"},"modified":"2025-05-22T14:26:57","modified_gmt":"2025-05-22T14:26:57","slug":"politique-de-confidentialite-et-de-securite","status":"publish","type":"page","link":"https:\/\/persimonbouquet.com\/fr\/politique-de-confidentialite-et-de-securite\/","title":{"rendered":"POLITIQUE DE CONFIDENTIALIT\u00c9 ET DE S\u00c9CURIT\u00c9"},"content":{"rendered":"<div class=\"fusion-fullwidth fullwidth-box fusion-builder-row-1 nonhundred-percent-fullwidth non-hundred-percent-height-scrolling\" style=\"background-color: rgba(255,255,255,0);background-position: center center;background-repeat: no-repeat;padding-top:0px;padding-right:30px;padding-bottom:0px;padding-left:30px;margin-bottom: 0px;margin-top: 0px;border-width: 0px 0px 0px 0px;border-color:#eae9e9;border-style:solid;\" ><div class=\"fusion-builder-row fusion-row\"><div class=\"fusion-layout-column fusion_builder_column fusion-builder-column-0 fusion_builder_column_1_1 1_1 fusion-one-full fusion-column-first fusion-column-last\" style=\"margin-top:0px;margin-bottom:0px;\"><div class=\"fusion-column-wrapper fusion-flex-column-wrapper-legacy\" style=\"background-position:left top;background-repeat:no-repeat;-webkit-background-size:cover;-moz-background-size:cover;-o-background-size:cover;background-size:cover;padding: 0px 0px 0px 0px;\"><div class=\"fusion-text fusion-text-1\"><h1>POLITIQUE DE CONFIDENTIALIT\u00c9 ET DE S\u00c9CURIT\u00c9<\/h1>\n<\/div><div class=\"fusion-text fusion-text-2\"><p><em><strong>1.- POLITIQUE DE CONFIDENTIALIT\u00c9 ET DE S\u00c9CURIT\u00c9<\/strong><\/em><\/p>\n<p>Les informations qui suivent relatives \u00e0 notre politique de confidentialit\u00e9 refl\u00e8tent l\u2019engagement d\u2019ANECOOP S. COOP. (ci-apr\u00e8s \u00ab ANECOOP \u00bb), en tant que responsable du traitement, \u00e0 pr\u00e9server et \u00e0 assurer des relations commerciales s\u00fbres moyennant la protection des donn\u00e9es \u00e0 caract\u00e8re personnel, en garantissant le droit \u00e0 la vie priv\u00e9e de chaque utilisateur de nos services. Ce document explique la fa\u00e7on dont les donn\u00e9es \u00e0 caract\u00e8re personnel sont trait\u00e9es lors de l\u2019utilisation de nos services.<\/p>\n<p><em><strong>2.- D\u00c9FINITION D\u2019UNE DONN\u00c9E \u00c0 CARACT\u00c8RE PERSONNEL<\/strong><\/em><\/p>\n<p>On entend par \u00ab donn\u00e9e \u00e0 caract\u00e8re personnel \u00bb toute information concernant une personne physique identifi\u00e9e ou identifiable. Ces donn\u00e9es comprennent, entre autres, le pr\u00e9nom, le nom, l\u2019adresse postale, l\u2019adresse \u00e9lectronique et le num\u00e9ro de t\u00e9l\u00e9phone.<\/p>\n<p><em><strong>3.- TRAITEMENT ET FINALIT\u00c9S DES DONN\u00c9ES COLLECT\u00c9ES<\/strong><\/em><\/p>\n<p>Toute donn\u00e9e personnelle fournie lors d\u2019une visite sur notre site est trait\u00e9e conform\u00e9ment aux normes de protection des donn\u00e9es et n\u2019est collect\u00e9e, trait\u00e9e et utilis\u00e9e qu\u2019\u00e0 des fins l\u00e9gitimes et explicites. \u00c0 ce titre, toutes les finalit\u00e9s pour lesquelles ANECOOP\u00a0S.\u00a0COOP. utilise les donn\u00e9es \u00e0 caract\u00e8re personnel sont \u00e9num\u00e9r\u00e9es ci-dessous\u00a0:<\/p>\n<ul>\n<li>G\u00e9rer les demandes d\u2019information et r\u00e9pondre aux questions pos\u00e9es par courriel ou via tout autre moyen de communication.<\/li>\n<li>Informer l\u2019utilisateur sur les activit\u00e9s d\u2019ANECOOP ou sur quelconque service ou produit susceptible de l\u2019int\u00e9resser, ainsi que sur les aspects de nature commerciale, entrepreneuriale ou sociale de l\u2019entreprise, sur les activit\u00e9s qu\u2019elle organise ou sur les activit\u00e9s auxquelles elle participe.<\/li>\n<li>Envoyer \u00e0 l\u2019utilisateur des questionnaires de satisfaction pour recueillir son avis sur nous ou sur certains aspects sp\u00e9cifiques de nos activit\u00e9s et services.<\/li>\n<li>R\u00e9aliser des enqu\u00eates et \u00e9tudes statistiques, ainsi que conna\u00eetre les pr\u00e9f\u00e9rences et centres d\u2019int\u00e9r\u00eat de l\u2019utilisateur afin de mieux identifier et satisfaire ses besoins.<\/li>\n<\/ul>\n<p>ANECOOP informe tous les utilisateurs du caract\u00e8re non obligatoire de la fourniture de certaines donn\u00e9es \u00e0 caract\u00e8re personnel, sauf au niveau des champs qui en indiquent le contraire. Toutefois, l\u2019absence de communication de ces donn\u00e9es peut emp\u00eacher ANECOOP de fournir les services associ\u00e9s \u00e0 ces derni\u00e8res. Dans ce cas de figure, l\u2019entreprise ANECOOP se retrouve d\u00e9gag\u00e9e de toute responsabilit\u00e9 en cas de non-prestation ou de prestation incompl\u00e8te des services dont il est question.<\/p>\n<p>Il incombe \u00e0 l\u2019utilisateur de fournir des donn\u00e9es exactes et de les tenir \u00e0 jour. ANECOOP se r\u00e9serve le droit d\u2019exclure des services et de supprimer le compte de tout utilisateur ayant fourni de fausses informations, sous toutes r\u00e9serves d\u2019\u00e9ventuelles actions en justice.<\/p>\n<p>Les donn\u00e9es \u00e0 caract\u00e8re personnel des utilisateurs ne sont communiqu\u00e9es \u00e0 aucune autre entreprise. Si une telle communication s\u2019av\u00e9rait n\u00e9cessaire, le consentement explicite serait pr\u00e9alablement demand\u00e9 \u00e0 chaque utilisateur concern\u00e9.<\/p>\n<p><em><strong>4.- BASE L\u00c9GALE<\/strong><\/em><\/p>\n<p>Le traitement des donn\u00e9es de l\u2019utilisateur repose sur le consentement de ce dernier, ainsi que sur l\u2019application de mesures pr\u00e9contractuelles (dans le cas d\u2019une demande d\u2019information) ou sur l\u2019ex\u00e9cution du contrat (en cas de souscription d\u2019un service).<\/p>\n<p><em><strong>5.- DUR\u00c9E DE CONSERVATION<\/strong><\/em><\/p>\n<p>Les donn\u00e9es seront conserv\u00e9es pendant la dur\u00e9e n\u00e9cessaire pour r\u00e9pondre aux demandes, fournir le service demand\u00e9 et poursuivre les finalit\u00e9s indiqu\u00e9es, ainsi que pour satisfaire aux obligations l\u00e9gales correspondantes.<\/p>\n<p>En tout \u00e9tat de cause, une fois que les donn\u00e9es ne sont plus n\u00e9cessaires aux fins indiqu\u00e9es, celles-ci sont supprim\u00e9es en veillant \u00e0 appliquer des mesures de s\u00e9curit\u00e9 appropri\u00e9es garantissant leur pseudonymisation ou leur destruction totale<\/p>\n<p><em><strong>6.- TRANSFERTS DE DONN\u00c9ES \u00c0 CARACT\u00c8RE PERSONNEL<\/strong><\/em><\/p>\n<p>Les donn\u00e9es des utilisateurs ne sont communiqu\u00e9es \u00e0 aucun tiers sans leur consentement<\/p>\n<p><em><strong>7.- S\u00c9CURIT\u00c9 DES DONN\u00c9ES \u00c0 CARACT\u00c8RE PERSONNEL<\/strong><\/em><\/p>\n<p>ANECOOP accorde une attention toute particuli\u00e8re \u00e0 la s\u00e9curit\u00e9 des donn\u00e9es personnelles des utilisateurs. Celles-ci sont stock\u00e9es dans nos syst\u00e8mes d\u2019information, pour lesquels nous avons mis en place des mesures de s\u00e9curit\u00e9 techniques et organisationnelles destin\u00e9es \u00e0 emp\u00eacher toute perte ou tout usage non autoris\u00e9 par des tiers (utilisation de protocoles de chiffrement des donn\u00e9es HTTPS par nos sites Web, par exemple).<\/p>\n<p><em><strong>8.- INFORMATIONS RELATIVES \u00c0 L\u2019UTILISATION DE COOKIES<\/strong><\/em><\/p>\n<p>La simple visite de ce site Web ou l\u2019utilisation des services d\u2019ANECOOP n\u2019entra\u00eene pas l\u2019enregistrement automatique de donn\u00e9es personnelles permettant d\u2019identifier un utilisateur. Toutefois, nous tenons \u00e0 informer l\u2019utilisateur que des \u00ab\u00a0cookies\u00a0\u00bb sont employ\u00e9s lors de la navigation sur notre site Web. Ces \u00ab\u00a0cookies\u00a0\u00bb sont de petits fichiers de donn\u00e9es g\u00e9n\u00e9r\u00e9s sur l\u2019ordinateur de l\u2019internaute, qui nous permettent d\u2019obtenir les informations analytiques suivantes\u00a0:<\/p>\n<ol>\n<li>a) La date et l\u2019heure d\u2019acc\u00e8s au site Web, ce qui permet de conna\u00eetre les p\u00e9riodes de forte affluence et de proc\u00e9der aux ajustements n\u00e9cessaires pour \u00e9viter toute saturation aux heures de pointe.<\/li>\n<li>b) Le nombre de visiteurs quotidiens de chaque rubrique, ce qui permet d\u2019identifier les espaces les plus populaires et d\u2019en am\u00e9liorer le contenu afin de proposer un r\u00e9sultat plus satisfaisant aux utilisateurs et d\u2019optimiser le style des informations publi\u00e9es.<\/li>\n<li>c) La date et l\u2019heure de la derni\u00e8re visite de l\u2019utilisateur sur le site Web, dans le but de r\u00e9aliser des \u00e9tudes analytiques et statistiques sur son utilisation.<\/li>\n<li>d) Des \u00e9l\u00e9ments de s\u00e9curit\u00e9 intervenant dans le contr\u00f4le d\u2019acc\u00e8s aux espaces restreints.<\/li>\n<\/ol>\n<p>Pour de plus amples informations, nous vous prions de consulter notre <strong>politique en mati\u00e8re de cookies<\/strong>.<\/p>\n<p><em><strong>9.- DROITS DES UTILISATEURS<\/strong><\/em><\/p>\n<p>Tous les utilisateurs peuvent exercer \u00e0 tout moment les droits qui leur sont conf\u00e9r\u00e9s par la l\u00e9gislation sur la protection des donn\u00e9es, tels que les droits d\u2019acc\u00e8s, de rectification, de limitation du traitement, de suppression, de transf\u00e9rabilit\u00e9 et d\u2019opposition. Ces droits peuvent \u00eatre exerc\u00e9s en envoyant une demande \u00e9crite \u00e0 l\u2019adresse \u00e9lectronique de notre d\u00e9l\u00e9gu\u00e9 \u00e0 la protection des donn\u00e9es RESPONSABLE.PRIVACIDAD@ANECOOP.COM. S\u2019ils le jugent n\u00e9cessaire, les utilisateurs peuvent \u00e9galement d\u00e9poser une r\u00e9clamation aupr\u00e8s de l\u2019Agence espagnole de protection des donn\u00e9es.<\/p>\n<p><em><strong>10.- PROC\u00c9DURE POUR NE PLUS RECEVOIR D\u2019INFORMATIONS DE NOTRE PART OU POUR R\u00c9VOQUER SON CONSENTEMENT<\/strong><\/em><\/p>\n<p>Tout utilisateur peut s\u2019opposer \u00e0 l\u2019utilisation de ses donn\u00e9es \u00e0 des fins publicitaires, d\u2019enqu\u00eates de march\u00e9 ou d\u2019envois de questionnaires de satisfaction, ainsi que r\u00e9voquer son consentement \u00e0 tout moment (sans effet r\u00e9troactif). Pour ce faire, il lui suffit d\u2019envoyer un courriel \u00e0 l\u2019adresse RESPONSABLE.PRIVACIDAD@ANECOOP.COM. Lorsqu\u2019un utilisateur re\u00e7oit de la publicit\u00e9 par courriel, il peut \u00e9galement s\u2019y opposer directement depuis le message re\u00e7u en cliquant sur le lien pr\u00e9vu \u00e0 cet effet et en suivant les instructions fournies.<\/p>\n<p><em><strong>11.- MODIFICATIONS DE LA POLITIQUE DE CONFIDENTIALIT\u00c9<\/strong><\/em><\/p>\n<p>Notre politique de confidentialit\u00e9 peut \u00eatre mise \u00e0 jour, que ce soit en raison de changements l\u00e9gislatifs ou pour apporter des am\u00e9liorations dans la m\u00e9thode de prestation de nos services. C\u2019est pourquoi il est recommand\u00e9 de consulter r\u00e9guli\u00e8rement notre politique de confidentialit\u00e9 afin de pouvoir acc\u00e9der aux derni\u00e8res modifications \u00e9ventuelles et d\u2019\u00eatre tenu inform\u00e9 de l\u2019int\u00e9gration de ces derni\u00e8res. Si ces modifications ont un rapport avec le consentement donn\u00e9 par l\u2019utilisateur, une notification ind\u00e9pendante lui est envoy\u00e9e afin d\u2019obtenir \u00e0 nouveau son autorisation.<\/p>\n<p>En cas de question ou de doute pendant la lecture de notre politique de confidentialit\u00e9, ou si vous souhaitez exercer un droit ou une action relative \u00e0 vos donn\u00e9es \u00e0 caract\u00e8re personnel, veuillez nous contacter \u00e0 l\u2019adresse RESPONSABLE.PRIVACIDAD@ANECOOP.COM.<\/p>\n<\/div><div class=\"fusion-clearfix\"><\/div><\/div><\/div><\/div><\/div>\n","protected":false},"excerpt":{"rendered":"","protected":false},"author":3,"featured_media":0,"parent":0,"menu_order":0,"comment_status":"closed","ping_status":"closed","template":"","meta":{"footnotes":""},"class_list":["post-793","page","type-page","status-publish","hentry"],"jetpack_sharing_enabled":true,"_links":{"self":[{"href":"https:\/\/persimonbouquet.com\/fr\/wp-json\/wp\/v2\/pages\/793","targetHints":{"allow":["GET"]}}],"collection":[{"href":"https:\/\/persimonbouquet.com\/fr\/wp-json\/wp\/v2\/pages"}],"about":[{"href":"https:\/\/persimonbouquet.com\/fr\/wp-json\/wp\/v2\/types\/page"}],"author":[{"embeddable":true,"href":"https:\/\/persimonbouquet.com\/fr\/wp-json\/wp\/v2\/users\/3"}],"replies":[{"embeddable":true,"href":"https:\/\/persimonbouquet.com\/fr\/wp-json\/wp\/v2\/comments?post=793"}],"version-history":[{"count":2,"href":"https:\/\/persimonbouquet.com\/fr\/wp-json\/wp\/v2\/pages\/793\/revisions"}],"predecessor-version":[{"id":816,"href":"https:\/\/persimonbouquet.com\/fr\/wp-json\/wp\/v2\/pages\/793\/revisions\/816"}],"wp:attachment":[{"href":"https:\/\/persimonbouquet.com\/fr\/wp-json\/wp\/v2\/media?parent=793"}],"curies":[{"name":"wp","href":"https:\/\/api.w.org\/{rel}","templated":true}]}}