{"id":477,"date":"2019-03-15T11:12:46","date_gmt":"2019-03-15T11:12:46","guid":{"rendered":"http:\/\/persimonbouquet.com\/plan-du-site\/"},"modified":"2019-03-15T11:12:47","modified_gmt":"2019-03-15T11:12:47","slug":"plan-du-site","status":"publish","type":"page","link":"https:\/\/persimonbouquet.com\/fr\/plan-du-site\/","title":{"rendered":"Plan du site"},"content":{"rendered":"<div class=\"fusion-fullwidth fullwidth-box fusion-builder-row-1 nonhundred-percent-fullwidth non-hundred-percent-height-scrolling\" style=\"background-color: rgba(255,255,255,0);background-position: center center;background-repeat: no-repeat;padding-top:0px;padding-right:30px;padding-bottom:0px;padding-left:30px;margin-bottom: 0px;margin-top: 0px;border-width: 0px 0px 0px 0px;border-color:#eae9e9;border-style:solid;\" ><div class=\"fusion-builder-row fusion-row\"><div class=\"fusion-layout-column fusion_builder_column fusion-builder-column-0 fusion_builder_column_1_1 1_1 fusion-one-full fusion-column-first fusion-column-last\" style=\"margin-top:0px;margin-bottom:20px;\"><div class=\"fusion-column-wrapper fusion-flex-column-wrapper-legacy\" style=\"background-position:left top;background-repeat:no-repeat;-webkit-background-size:cover;-moz-background-size:cover;-o-background-size:cover;background-size:cover;padding: 0px 0px 0px 0px;\"><div class=\"fusion-text fusion-text-1\"><h2 data-fontsize=\"110\" data-lineheight=\"110\"><span style=\"color: #dcdcdc;\">Plan du site<\/span><\/h2>\n<\/div><div class=\"wsp-container\"><h2 class=\"wsp-pages-title\">Pages<\/h2>\n<ul class=\"wsp-pages-list\">\n<li class=\"page_item page-item-563\"><a href=\"https:\/\/persimonbouquet.com\/fr\/\">Home<\/a><\/li>\n<li class=\"page_item page-item-750\"><a href=\"https:\/\/persimonbouquet.com\/fr\/mentions-legales\/\">Mentions L\u00e9gales<\/a><\/li>\n<li class=\"page_item page-item-477\"><a href=\"https:\/\/persimonbouquet.com\/fr\/plan-du-site\/\">Plan du site<\/a><\/li>\n<li class=\"page_item page-item-793\"><a href=\"https:\/\/persimonbouquet.com\/fr\/politique-de-confidentialite-et-de-securite\/\">POLITIQUE DE CONFIDENTIALIT\u00c9 ET DE S\u00c9CURIT\u00c9<\/a><\/li>\n<li class=\"page_item page-item-801\"><a href=\"https:\/\/persimonbouquet.com\/fr\/politique-en-matiere-de-cookies\/\">POLITIQUE EN MATI\u00c8RE DE COOKIES<\/a><\/li>\n<\/ul>\n<h2 class=\"wsp-avada_portfolios-title\">Portfolio<\/h2>\n<ul class=\"wsp-avada_portfolios-list\">\n<li><a href=\"https:\/\/persimonbouquet.com\/fr\/portfolio-items\/meringue-au-persimon-bouquet\/\">Meringue au Persimon Bouquet\u00ae<\/a><\/li>\n<li><a href=\"https:\/\/persimonbouquet.com\/fr\/portfolio-items\/gateau-au-fromage-au-persimon-bouquet\/\">G\u00e2teau au fromage au Persimon Bouquet\u00ae<\/a><\/li>\n<li><a href=\"https:\/\/persimonbouquet.com\/fr\/portfolio-items\/persimon-bouquet-au-fromage-de-chevre\/\">Persimon Bouquet\u00ae au fromage de chevre<\/a><\/li>\n<li><a href=\"https:\/\/persimonbouquet.com\/fr\/portfolio-items\/haricots-verts-au-persimon-bouquet\/\">Haricots verts au Persimon Bouquet\u00ae<\/a><\/li>\n<li><a href=\"https:\/\/persimonbouquet.com\/fr\/portfolio-items\/couscous-mediterraneen-au-persimon-bouquet-et-aux-raisins-secs\/\">Couscous m\u00e9diterran\u00e9en au Persimon Bouquet\u00ae et aux raisins secs<\/a><\/li>\n<li><a href=\"https:\/\/persimonbouquet.com\/fr\/portfolio-items\/filet-de-porc-sauce-persimon-bouquet\/\">Filet de porc sauce Persimon Bouquet\u00ae<\/a><\/li>\n<\/ul>\n<\/div><div class=\"fusion-clearfix\"><\/div><\/div><\/div><\/div><\/div>\n","protected":false},"excerpt":{"rendered":"","protected":false},"author":1,"featured_media":0,"parent":0,"menu_order":0,"comment_status":"closed","ping_status":"closed","template":"","meta":{"footnotes":""},"class_list":["post-477","page","type-page","status-publish","hentry"],"jetpack_sharing_enabled":true,"_links":{"self":[{"href":"https:\/\/persimonbouquet.com\/fr\/wp-json\/wp\/v2\/pages\/477","targetHints":{"allow":["GET"]}}],"collection":[{"href":"https:\/\/persimonbouquet.com\/fr\/wp-json\/wp\/v2\/pages"}],"about":[{"href":"https:\/\/persimonbouquet.com\/fr\/wp-json\/wp\/v2\/types\/page"}],"author":[{"embeddable":true,"href":"https:\/\/persimonbouquet.com\/fr\/wp-json\/wp\/v2\/users\/1"}],"replies":[{"embeddable":true,"href":"https:\/\/persimonbouquet.com\/fr\/wp-json\/wp\/v2\/comments?post=477"}],"version-history":[{"count":1,"href":"https:\/\/persimonbouquet.com\/fr\/wp-json\/wp\/v2\/pages\/477\/revisions"}],"predecessor-version":[{"id":478,"href":"https:\/\/persimonbouquet.com\/fr\/wp-json\/wp\/v2\/pages\/477\/revisions\/478"}],"wp:attachment":[{"href":"https:\/\/persimonbouquet.com\/fr\/wp-json\/wp\/v2\/media?parent=477"}],"curies":[{"name":"wp","href":"https:\/\/api.w.org\/{rel}","templated":true}]}}