{"id":799,"date":"2025-05-22T14:31:09","date_gmt":"2025-05-22T14:31:09","guid":{"rendered":"https:\/\/persimonbouquet.com\/?page_id=799"},"modified":"2025-05-22T14:31:09","modified_gmt":"2025-05-22T14:31:09","slug":"cookie-hinweis","status":"publish","type":"page","link":"https:\/\/persimonbouquet.com\/de\/cookie-hinweis\/","title":{"rendered":"Cookie Hinweis"},"content":{"rendered":"<div class=\"fusion-fullwidth fullwidth-box fusion-builder-row-1 nonhundred-percent-fullwidth non-hundred-percent-height-scrolling\" style=\"background-color: rgba(255,255,255,0);background-position: center center;background-repeat: no-repeat;padding-top:0px;padding-right:30px;padding-bottom:0px;padding-left:30px;margin-bottom: 0px;margin-top: 0px;border-width: 0px 0px 0px 0px;border-color:#eae9e9;border-style:solid;\" ><div class=\"fusion-builder-row fusion-row\"><div class=\"fusion-layout-column fusion_builder_column fusion-builder-column-0 fusion_builder_column_1_1 1_1 fusion-one-full fusion-column-first fusion-column-last\" style=\"margin-top:0px;margin-bottom:0px;\"><div class=\"fusion-column-wrapper fusion-flex-column-wrapper-legacy\" style=\"background-position:left top;background-repeat:no-repeat;-webkit-background-size:cover;-moz-background-size:cover;-o-background-size:cover;background-size:cover;padding: 0px 0px 0px 0px;\"><div class=\"fusion-text fusion-text-1\"><h1>Cookie hinweiss<\/h1>\n<\/div><div class=\"fusion-text fusion-text-2\"><p>Die folgenden Informationen in unserem Cookie-Hinweis spiegeln die Verpflichtung von ANECOOP S. COOP (im Folgenden: \u201eANECOOP\u201c) als f\u00fcr die Datenverarbeitung Verantwortlichem, Cookies und \u00e4hnliche Technologien zu verwenden, die das Recht auf Privatsph\u00e4re aller Benutzer unserer Dienstleistungen gew\u00e4hrleisten. In diesem Dokument erkl\u00e4ren wir, wie wir Cookies und \u00e4hnliche Technologien bei der Nutzung unserer Dienste verwenden:<\/p>\n<p><strong><em>1. BESCHREIBUNG DER COOKIES<\/em><\/strong><\/p>\n<p>Ein Cookie ist eine kleine Textdatei, die eine Website im Browser des Benutzers speichert und die die Navigation durch eine Webseite erleichtert und f\u00fcr das Funktionieren des Internets unerl\u00e4sslich ist.<\/p>\n<p>Cookies werden beispielsweise verwendet, um die Vorlieben der Benutzer auf der Website \u2013 Sprache, verwendeter Browser \u2013 zu speichern, die Gewohnheiten und das Verhalten der Benutzer zu analysieren, die angebotenen Dienstleistungen zu verbessern oder den Inhalt einer Website an die Vorlieben des Benutzers anzupassen.<\/p>\n<p><em><strong>2. WELCHE COOKIES WIR VERWENDEN<\/strong><\/em><\/p>\n<p>COOKIES JE NACH ANBIETER<\/p>\n<ul>\n<li>Eigene Cookies: Sie werden von unseren eigenen Computern oder Domains an Ihren Computer gesendet, um die von Ihnen angeforderte Dienstleistung zu erbringen.<\/li>\n<li>Drittanbieter-Cookies: Sie werden von Computern oder Domains, die nicht wir, sondern Partnerunternehmen verwalten, an Ihren Computer gesendet. Dazu z\u00e4hlen beispielsweise Cookies von sozialen Netzwerken oder externen Inhalten.<\/li>\n<\/ul>\n<p>COOKIES JE NACH LAUFZEIT<\/p>\n<ul>\n<li>Sitzungscookies: Diese tempor\u00e4ren Cookies verbleiben in der Cookie-Datei Ihres Browsers, bis Sie die Website verlassen, und werden daher nicht auf der Festplatte Ihres Computers registriert. Die durch solche Cookies erfassten Informationen dienen dazu, die Muster des Webverkehrs zu analysieren. Langfristig k\u00f6nnen wir so eine bessere Erfahrung bieten, um den Inhalt zu verbessern und seine Nutzung zu erleichtern.<\/li>\n<li>Dauerhafte Cookies: Diese werden auf Ihrer Festplatte gespeichert und von unserer Website gelesen, sobald Sie sie wieder besuchen. Ein dauerhaftes Cookie hat ein bestimmtes Verfallsdatum, ab dem es nicht mehr funktioniert. Wir verwenden diese Cookies in der Regel, um den Kauf und die Registrierung zu erleichtern.<\/li>\n<\/ul>\n<p>ZWECKGEBUNDENE COOKIES<\/p>\n<ul>\n<li>Unbedingt erforderlich: Diese Cookies sind erforderlich, um die ordnungsgem\u00e4\u00dfe Navigation auf unserer Website zu erleichtern. Sie gew\u00e4hrleisten, dass die Inhalte effizient geladen werden, und erm\u00f6glichen die ordnungsgem\u00e4\u00dfe Nutzung der verschiedenen Optionen oder Dienstleistungen auf der Website, wie z.\u00a0B. den Kaufprozess oder die Kontrolle von Betrug im Zusammenhang mit der Sicherheit der Dienstleistung. Analytische Cookies werden hinzugef\u00fcgt eingesetzt, um den Website-Verkehr und die besuchten Seiten zu quantifizieren.<\/li>\n<li>Analyse- und Optimierungs-Cookies: Diese eigenen oder Drittanbieter-Cookies erm\u00f6glichen es uns, Ihre Erfahrung auf der Website zu optimieren, indem wir ihre Leistung bewerten und sie durch Erweiterung um neue Funktionalit\u00e4ten verbessern.<\/li>\n<li>Personalisierungs-Cookies: Sie erm\u00f6glichen es, Informationen \u00fcber die Vorlieben der Benutzer zu speichern, um unserer Dienstleistungen qualitativ zu verbessern und ein besseres Erlebnis durch Produktempfehlungen zu bieten. Einige dieser Cookies k\u00f6nnen ger\u00e4te\u00fcbergreifend sein.<\/li>\n<li>Verhaltensbasierte Werbe-Cookies: Sie speichern Informationen \u00fcber das Benutzerverhalten, die durch kontinuierliche Beobachtung gewonnen werden. Dank dieser Cookies k\u00f6nnen wir das Navigationsverhalten auf der Website erfahren und eine auf Ihr Navigationsprofil abgestimmte Werbung anzeigen.<\/li>\n<\/ul>\n<p>Nachfolgend beschreiben wir die von uns eingesetzten Cookie-Typen und ihre Verwendungszwecke. Weitere Informationen zu den einzelnen Cookies und deren Laufzeiten finden Sie in der folgenden Liste:<\/p>\n<p><strong>Cookie: <\/strong>_ga <strong>Laufzeit: <\/strong>2 Jahre<\/p>\n<p><strong>Verwendungszweck: <\/strong>in Verbindung mit Google Analytics 4 (GA4) eingesetztes Cookie<\/p>\n<p><strong>Cookie<\/strong>: _gat <strong>Laufzeit<\/strong>: 10 Minuten<\/p>\n<p><strong>Verwendungszweck<\/strong>: in Verbindung mit Google Analytics 4 (GA4) eingesetztes Cookie zur Begrenzung der Anfragerate, d.\u00a0h. zur Begrenzung der Datenerfassung auf stark frequentierten Websites. Es l\u00e4uft nach 10 Minuten ab.<\/p>\n<p><strong>\u00a0<\/strong><\/p>\n<p><strong>Cookie<\/strong>: _gid <strong>Laufzeit<\/strong>: 24 Stunden<\/p>\n<p><strong>Verwendungszweck<\/strong>: Unterscheidung der Benutzer<\/p>\n<p><strong>Cookie: <\/strong>AEC <strong>Laufzeit: <\/strong>6 Monate<\/p>\n<p><strong>Verwendungszweck: <\/strong>in Verbindung mit Google eingesetztes Cookie zur Erkennung von Spam, Betrug und Missbrauch, um sicherzustellen, dass Werbetreibenden nicht f\u00e4lschlicherweise betr\u00fcgerische oder anderweitig ung\u00fcltige Impressionen oder Interaktionen mit Werbung in Rechnung gestellt werden.<\/p>\n<p><strong>Cookie: <\/strong>SOCS <strong>Laufzeit: <\/strong>13 Monate<\/p>\n<p><strong>Verwendungszweck: <\/strong>in Verbindung mit Google eingesetztes Cookie zur Speicherung der Cookie-Wahl des Benutzers.<\/p>\n<p><strong>Cookie: <\/strong>COOKIE CONSENT <strong>Laufzeit: <\/strong>1 Jahr<\/p>\n<p><strong>Verwendungszweck: <\/strong>Speicherung des Status der Cookie-Zustimmung des Benutzers<\/p>\n<p><strong>Cookies <\/strong>DV<strong> Laufzeit: <\/strong>24 Stunden<\/p>\n<p><strong>Verwendungszweck: <\/strong>Das in Verbindung mit Google Analytics eingesetzte Cookie erm\u00f6glicht es uns, die Anzahl der Benutzer zu quantifizieren und somit die Messung und statistische Analyse der Nutzung unserer Dienstleistungen durchzuf\u00fchren und unser Angebot zu verbessern.<\/p>\n<p><em><strong>3. RECHTSGRUNDLAGE F\u00dcR DIE VERWENDUNG VON COOKIES<\/strong><\/em><\/p>\n<p>Die Legitimation f\u00fcr die Verwendung von rein funktionalen Cookies ergibt sich daraus, dass die Verarbeitung notwendig ist, um einer gesetzlichen Verpflichtung gem\u00e4\u00df dem spanischen Gesetz 34\/2002 \u00fcber Dienste der Informationsgesellschaft und den elektronischen Gesch\u00e4ftsverkehr nachzukommen.<\/p>\n<p>Die Legitimation f\u00fcr die Verwendung von Cookies f\u00fcr analytische Zwecke der Optimierung der Personalisierung der verhaltensbezogenen Werbung und Bewertung beruht auf der Einwilligung, die gem\u00e4\u00df Artikel 6.1.a) der Verordnung (EU) 2017\/679 eingeholt wird.<\/p>\n<p><em><strong>4. AUFBEWAHRUNGSFRIST DER INFORMATIONEN<\/strong><\/em><\/p>\n<p>Wir speichern die Informationen so lange, wie es f\u00fcr die Erbringung der angeforderten Dienstleistung erforderlich ist oder aber, bis Sie widersprechen oder Ihre Einwilligung widerrufen. In diesen F\u00e4llen werden die Daten ordnungsgem\u00e4\u00df gesperrt, ohne dass wir sie verwenden k\u00f6nnen, solange sie f\u00fcr die Aus\u00fcbung oder Verteidigung gesetzlicher oder vertraglicher Anspr\u00fcche erforderlich sind. Nach Ablauf dieser Frist werden Ihre Daten endg\u00fcltig gel\u00f6scht.<\/p>\n<p>Bei der automatischen Datenerfassung durch Cookies ist zu beachten, dass einige Cookies \u00fcber Jahre hinweg gespeichert werden k\u00f6nnen. Sie k\u00f6nnen jedoch ihre Verwendung im Laufe der Zeit einschr\u00e4nken, indem Sie sie von den Browsern oder Ger\u00e4ten l\u00f6schen.<\/p>\n<p><em><strong>5. BLOCKIERUNG UND EINSCHR\u00c4NKUNG DER VERWENDUNG VON COOKIES<\/strong><\/em><\/p>\n<p>Es muss darauf hingewiesen werden, dass es keine aufdringlichen Technologien sind, da alle durch Cookies erhaltenen Informationen v\u00f6llig anonym sind und keinesfalls mit einem bestimmten, identifizierten Benutzer in Verbindung gebracht werden k\u00f6nnen. Dank der Informationen k\u00f6nnen wir unsere Dienstleistungen an die Benutzerinteressen anpassen und verbessern. Der Benutzer kann die Erzeugung von Cookies jedoch anhand der entsprechenden Option in seinem Browser zu verhindern. Bitte beachten Sie, dass im Falle der Deaktivierung von Cookies die Navigation langsamer als \u00fcblich sein kann.<\/p>\n<p>Bei allen Browsern k\u00f6nnen Sie \u00c4nderungen vornehmen und die Konfiguration von Cookies deaktivieren, und zwar im Men\u00fc \u201eOptionen\u201c bzw. \u201eEinstellungen\u201c Ihres Browsers. Nachstehend verlinken wir Informationen dar\u00fcber, wie Sie Cookies nach den Anweisungen der meistverwendeten Browser deaktivieren k\u00f6nnen:<\/p>\n<ul>\n<li>Internet Explorer: <a href=\"https:\/\/support.microsoft.com\/de-de\/windows\/verwalten-von-cookies-in-microsoft-edge-anzeigen-zulassen-blockieren-l%C3%B6schen-und-verwenden-168dab11-0753-043d-7c16-ede5947fc64d\">https:\/\/support.microsoft.com\/de-de\/windows\/verwalten-von-cookies-in-microsoft-edge-anzeigen-zulassen-blockieren-l%C3%B6schen-und-verwenden-168dab11-0753-043d-7c16-ede5947fc64d<\/a><\/li>\n<li>Mozilla Firefox: <a href=\"https:\/\/support.mozilla.org\/de\/kb\/cookies-informationen-websites-auf-ihrem-computer#w_cookie-einstellungen\">https:\/\/support.mozilla.org\/de\/kb\/cookies-informationen-websites-auf-ihrem-computer#w_cookie-einstellungen<\/a><\/li>\n<li>Google Chrome: <a href=\"https:\/\/support.google.com\/chrome\/answer\/95647?hl=de\">https:\/\/support.google.com\/chrome\/answer\/95647?hl=de<\/a><\/li>\n<li>Safari:<a href=\"https:\/\/support.apple.com\/de-de\/guide\/safari\/sfri11471\/mac\">https:\/\/support.apple.com\/de-de\/guide\/safari\/sfri11471\/mac<\/a><\/li>\n<\/ul>\n<p>Wenn Sie jedoch die analytischen Cookies von Google blockieren m\u00f6chten, k\u00f6nnen Sie eine Erweiterung in Ihrem Browser installieren. Folgen Sie dazu bitte den Anweisungen unter dem folgenden Link: <u>https:\/\/tools.google.com\/dlpage\/gaoptout?hl=de<\/u><\/p>\n<p>Sie k\u00f6nnen die Einwilligungseinstellungen auch \u00fcber das Website-Plugin \u00e4ndern.<\/p>\n<p><em><strong>6. WEITERE INFORMATIONEN<\/strong><\/em><\/p>\n<p>Weitere Informationen zur Datenverarbeitung finden Sie in unserer Datenschutzerkl\u00e4rung. Dar\u00fcber hinaus k\u00f6nnen Sie uns Fragen zu diesen Technologien an folgende E-Mail-Adresse senden: RESPONSABLE.PRIVACIDAD@ANECOOP.COM<\/p>\n<\/div><div class=\"fusion-clearfix\"><\/div><\/div><\/div><\/div><\/div>\n","protected":false},"excerpt":{"rendered":"","protected":false},"author":3,"featured_media":0,"parent":0,"menu_order":0,"comment_status":"closed","ping_status":"closed","template":"","meta":{"footnotes":""},"class_list":["post-799","page","type-page","status-publish","hentry"],"jetpack_sharing_enabled":true,"_links":{"self":[{"href":"https:\/\/persimonbouquet.com\/de\/wp-json\/wp\/v2\/pages\/799","targetHints":{"allow":["GET"]}}],"collection":[{"href":"https:\/\/persimonbouquet.com\/de\/wp-json\/wp\/v2\/pages"}],"about":[{"href":"https:\/\/persimonbouquet.com\/de\/wp-json\/wp\/v2\/types\/page"}],"author":[{"embeddable":true,"href":"https:\/\/persimonbouquet.com\/de\/wp-json\/wp\/v2\/users\/3"}],"replies":[{"embeddable":true,"href":"https:\/\/persimonbouquet.com\/de\/wp-json\/wp\/v2\/comments?post=799"}],"version-history":[{"count":1,"href":"https:\/\/persimonbouquet.com\/de\/wp-json\/wp\/v2\/pages\/799\/revisions"}],"predecessor-version":[{"id":820,"href":"https:\/\/persimonbouquet.com\/de\/wp-json\/wp\/v2\/pages\/799\/revisions\/820"}],"wp:attachment":[{"href":"https:\/\/persimonbouquet.com\/de\/wp-json\/wp\/v2\/media?parent=799"}],"curies":[{"name":"wp","href":"https:\/\/api.w.org\/{rel}","templated":true}]}}