{"id":791,"date":"2025-05-22T14:30:01","date_gmt":"2025-05-22T14:30:01","guid":{"rendered":"https:\/\/persimonbouquet.com\/?page_id=791"},"modified":"2025-05-22T14:30:01","modified_gmt":"2025-05-22T14:30:01","slug":"datenschutz-und-sicherheitserklaerung","status":"publish","type":"page","link":"https:\/\/persimonbouquet.com\/de\/datenschutz-und-sicherheitserklaerung\/","title":{"rendered":"DATENSCHUTZ- UND SICHERHEITSERKL\u00c4RUNG"},"content":{"rendered":"<div class=\"fusion-fullwidth fullwidth-box fusion-builder-row-1 nonhundred-percent-fullwidth non-hundred-percent-height-scrolling\" style=\"background-color: rgba(255,255,255,0);background-position: center center;background-repeat: no-repeat;padding-top:0px;padding-right:30px;padding-bottom:0px;padding-left:30px;margin-bottom: 0px;margin-top: 0px;border-width: 0px 0px 0px 0px;border-color:#eae9e9;border-style:solid;\" ><div class=\"fusion-builder-row fusion-row\"><div class=\"fusion-layout-column fusion_builder_column fusion-builder-column-0 fusion_builder_column_1_1 1_1 fusion-one-full fusion-column-first fusion-column-last\" style=\"margin-top:0px;margin-bottom:0px;\"><div class=\"fusion-column-wrapper fusion-flex-column-wrapper-legacy\" style=\"background-position:left top;background-repeat:no-repeat;-webkit-background-size:cover;-moz-background-size:cover;-o-background-size:cover;background-size:cover;padding: 0px 0px 0px 0px;\"><div class=\"fusion-text fusion-text-1\"><h1>DATENSCHUTZ- UND SICHERHEITSERKL\u00c4RUNG<\/h1>\n<\/div><div class=\"fusion-text fusion-text-2\"><p><em><strong>1.- DATENSCHUTZ- UND SICHERHEITSERKL\u00c4RUNG<\/strong><\/em><\/p>\n<p>Die folgenden Informationen unserer Datenschutzerkl\u00e4rung spiegeln die Verpflichtung von ANECOOP S. COOP (im Folgenden: ANECOOP) als f\u00fcr die Datenverarbeitung Verantwortlichem, durch den Schutz personenbezogener Daten sichere Gesch\u00e4ftsbeziehungen zu unterhalten und zu gew\u00e4hrleisten und dabei das Recht auf Schutz der Privatsph\u00e4re s\u00e4mtlicher Benutzer unserer Dienstleistungen zu garantieren. In diesem Dokument erl\u00e4utern wir, wie wir die personenbezogenen Daten im Rahmen der Nutzung unserer Dienstleistungen verwenden.<\/p>\n<p><em><strong>2.- DEFINITION VON PERSONENBEZOGENEN DATEN<\/strong><\/em><\/p>\n<p>Unter \u201epersonenbezogenen Daten\u201c sind alle Angaben zu einer identifizierten oder identifizierbaren nat\u00fcrlichen Person zu verstehen, darunter Vor- und Nachname, Postanschrift, E-Mail-Adresse und Telefonnummer.<\/p>\n<p><em><strong>3.- VERARBEITUNG UND DER VERWENDUNGSZWECK DER ERHOBENEN DATEN<\/strong><\/em><\/p>\n<p>Alle personenbezogenen Daten, die Sie beim Besuch unserer Website angeben, werden gem\u00e4\u00df den Datenschutzbestimmungen verarbeitet und nur f\u00fcr rechtm\u00e4\u00dfige, legitime und ausgewiesene Zwecke erhoben, verarbeitet und genutzt. Wir f\u00fchren daher alle Zwecke auf, f\u00fcr die ANECOOP S. COOP. personenbezogene Daten nutzt:<\/p>\n<ul>\n<li>Verwaltung und Bearbeitung von Informationsanfragen und Beantwortung dieser sowie der per E-Mail oder auf anderen Kommunikationswegen gestellten Fragen.<\/li>\n<li>Vermittlung von Informationen \u00fcber die T\u00e4tigkeit von ANECOOP oder \u00fcber Dienstleistungen oder Produkte, die f\u00fcr Sie von Interesse sein k\u00f6nnten, sowie \u00fcber gesch\u00e4ftliche, kommerzielle oder soziale Aspekte des Unternehmens und Aktivit\u00e4ten, die sie organisiert oder an denen sie teilnimmt.<\/li>\n<li>Versendung von Zufriedenheitsumfragen, um Ihre Meinung \u00fcber uns oder bestimmte Aspekte unserer Aktivit\u00e4ten und Dienstleistungen zu ermitteln.<\/li>\n<li>Durchf\u00fchrung von Umfragen und statistischen Studien sowie Ermittlung der Vorlieben und Interessen der Benutzer, um ihre Bed\u00fcrfnisse besser verstehen und darauf reagieren zu k\u00f6nnen.<\/li>\n<\/ul>\n<p>ANECOOP weist alle Benutzer darauf hin, dass die Erhebung bestimmter personenbezogener Daten nicht zwingend erforderlich ist, sofern im entsprechenden Feld nichts Gegenteiliges angegeben ist. Allerdings kann die Nichtbereitstellung dieser Daten dazu f\u00fchren, dass ANECOOP nicht alle mit solchen Daten verbundenen Dienstleistungen erbringen kann, und entbindet uns von jeglicher Haftung f\u00fcr die mangelnde oder unvollst\u00e4ndige Erbringungen dieser Dienstleistungen.<\/p>\n<p>Der Benutzer ist verpflichtet, wahrheitsgem\u00e4\u00dfe Angaben zu machen und diese auf dem aktuellen Stand zu halten. ANECOOP beh\u00e4lt sich daher das Recht vor, Benutzer bei falschen Angaben von den Dienstleistungen auszuschlie\u00dfen bzw. die Dienstleistung f\u00fcr sie einzustellen, und kann dessen unbeschadet weitere rechtliche Schritte einleiten.<\/p>\n<p>Ihre pers\u00f6nlichen Daten werden NICHT an ein anderes Unternehmen weitergegeben. Sollte es notwendig sein, Ihre Daten an ein anderes Unternehmen weiterzugeben, wird zuvor Ihre ausdr\u00fcckliche Zustimmung eingeholt.<\/p>\n<p><em><strong>4.- LEGITIMATION<\/strong><\/em><\/p>\n<p>Die Einwilligung des Benutzers und die Anwendung vorvertraglicher Ma\u00dfnahmen \u2013 bei Beantwortung einer Informationsanfrage \u2013 sowie die Ausf\u00fchrung des Vertrags \u2013 bei Beauftragung der Dienstleistung \u2013 legitimieren die Verarbeitung seiner Daten.<\/p>\n<p><em><strong>5.- AUFBEWAHRUNGSFRIST<\/strong><\/em><\/p>\n<p>Ihre Daten werden von uns so lange von uns verarbeitet, wie es f\u00fcr die Beantwortung Ihrer Anfragen, die Erbringung der angeforderten Dienstleistung, die Erf\u00fcllung der angegebenen Zwecke sowie zur Einhaltung der entsprechenden gesetzlichen Verpflichtungen erforderlich ist.<\/p>\n<p>In jedem Fall werden die Daten, sobald sie nicht mehr f\u00fcr die genannten Zwecke erforderlich sind, mit geeigneten Sicherheitsma\u00dfnahmen gel\u00f6scht, um ihre Pseudonymisierung oder vollst\u00e4ndige Vernichtung zu gew\u00e4hrleisten.<\/p>\n<p><em><strong>6.- VORGESEHENE \u00dcBERMITTLUNGEN<\/strong><\/em><\/p>\n<p>Ihre Daten werden nicht ohne Ihre Zustimmung an Dritte weitergegeben.<\/p>\n<p><em><strong>7.- SICHERHEIT IHRER PERSONENBEZOGENEN DATEN<\/strong><\/em><\/p>\n<p>ANECOOP nimmt es besonders ernst, die Sicherheit Ihrer pers\u00f6nlichen Daten zu gew\u00e4hrleisten. Ihre Daten werden in unseren Informationssystemen gespeichert, in denen wir technische und organisatorische Sicherheitsma\u00dfnahmen ergriffen haben, um den Verlust oder die unbefugte Nutzung durch Dritte zu verhindern. Beispielsweise verwenden unsere Webportale HTTPS-Verschl\u00fcsselungsprotokolle f\u00fcr Daten.<\/p>\n<p><em><strong>8.- INFORMATIONEN \u00dcBER DIE VERWENDUNG VON COOKIES<\/strong><\/em><\/p>\n<p>Der blo\u00dfe Besuch dieser Website oder die Inanspruchnahme der Dienstleistungen von ANECOOP bewirken keine automatische Erfassung von personenbezogenen Daten zur Identifizierung eines Benutzers. Wir informieren Sie jedoch dar\u00fcber, dass bei der Nutzung der Website Cookies eingesetzt werden. Cookies sind kleine Datendateien, die auf dem Computer des Benutzers erzeugt werden und uns folgende analytische Informationen liefern:<\/p>\n<ol>\n<li>a) Datum und Uhrzeit des Zugriffs auf die Website, um die Zeiten mit dem h\u00f6chsten Besucheraufkommen ermitteln und erforderliche Anpassungen vornehmen k\u00f6nnen und so Probleme wegen \u00dcberlastung zu Spitzenzeiten zu vermeiden.<\/li>\n<li>b) Anzahl der t\u00e4glichen Besucher in jedem Bereich, um die beliebtesten Bereiche zu erfahren und deren Inhalt zu erweitern und zu verbessern. Das Ziel ist eine h\u00f6here Benutzerzufriedenheit und eine verbesserte Gestaltung der Inhalte.<\/li>\n<li>c) Datum und die Uhrzeit des letzten Besuchs des Benutzers auf der Website f\u00fcr analytische und statistische Untersuchungen zur Nutzung der Website<\/li>\n<li>d) Sicherheitselemente f\u00fcr Bereiche mit Zugangskontrolle<\/li>\n<\/ol>\n<p>Weitere Informationen finden Sie in unserem <strong>Cookie-Hinweis<\/strong>.<\/p>\n<p><em><strong>9.- RECHTE DER BENUTZER<\/strong><\/em><\/p>\n<p>Alle Benutzer k\u00f6nnen die durch die Datenschutzbestimmungen gew\u00e4hrten Rechte aus\u00fcben, wie das Recht auf Zugang, Berichtigung, Einschr\u00e4nkung der Verarbeitung, L\u00f6schung, Daten\u00fcbertragbarkeit und Widerspruch, indem sie sich schriftlich unter RESPONSABLE.PRIVACIDAD@ANECOOP.COM an unseren Datenschutzbeauftragten wenden. Gegebenenfalls k\u00f6nnen sie sich auch an die spanische Datenschutzbeh\u00f6rde [Agencia Espa\u00f1ola de Protecci\u00f3n de Datos] wenden.<\/p>\n<p><em><strong>10.- SIE M\u00d6CHTEN KEINE INFORMATIONEN VON UNS ERHALTEN ODER IHRE ZUSTIMMUNG WIDERRUFEN?<\/strong><\/em><\/p>\n<p>Jeder Benutzer kann der Verwendung seiner Daten zwecks Werbung, Marktforschung oder Zufriedenheitsumfragen widersprechen und seine Einwilligung jederzeit (nicht r\u00fcckwirkend) widerrufen, indem er uns eine E-Mail an RESPONSABLE.PRIVACIDAD@ANECOOP.COM sendet. Wer Werbung per E-Mail erh\u00e4lt, kann auch anhand dieser E-Mail widersprechen, indem er darin den entsprechenden Link anklickt und die daraufhin angezeigten Schritte befolgt.<\/p>\n<p><em><strong>11.- \u00c4NDERUNGEN AN DER DATENSCHUTZERKL\u00c4RUNG<\/strong><\/em><\/p>\n<p>Unsere Datenschutzerkl\u00e4rung kann aufgrund von \u00c4nderungen und gesetzlichen Anforderungen sowie aufgrund von Verbesserungen und \u00c4nderungen in der Bereitstellung und Erbringung unserer Dienstleistungen aktualisiert werden. Daher empfehlen wir Ihnen, unsere Datenschutzerkl\u00e4rung regelm\u00e4\u00dfig einzusehen und aufzurufen, um die neuesten \u00c4nderungen zu erfahren. Falls sich die \u00c4nderungen auf die vom Benutzer erteilte Zustimmung beziehen, erh\u00e4lt er eine gesonderte, unabh\u00e4ngige Mitteilung, um diese Zustimmung erneut einzuholen.<\/p>\n<p>Wenn Sie Fragen oder Bedenken zu unserer Datenschutzerkl\u00e4rung haben oder Rechte aus\u00fcben oder Ma\u00dfnahmen in Bezug auf Ihre personenbezogenen Daten ergreifen m\u00f6chten, setzen Sie sich bitte \u00fcber die folgende E-Mail-Adresse mit uns in Verbindung: RESPONSABLE.PRIVACIDAD@ANECOOP.COM<\/p>\n<\/div><div class=\"fusion-clearfix\"><\/div><\/div><\/div><\/div><\/div>\n","protected":false},"excerpt":{"rendered":"","protected":false},"author":3,"featured_media":0,"parent":0,"menu_order":0,"comment_status":"closed","ping_status":"closed","template":"","meta":{"footnotes":""},"class_list":["post-791","page","type-page","status-publish","hentry"],"jetpack_sharing_enabled":true,"_links":{"self":[{"href":"https:\/\/persimonbouquet.com\/de\/wp-json\/wp\/v2\/pages\/791","targetHints":{"allow":["GET"]}}],"collection":[{"href":"https:\/\/persimonbouquet.com\/de\/wp-json\/wp\/v2\/pages"}],"about":[{"href":"https:\/\/persimonbouquet.com\/de\/wp-json\/wp\/v2\/types\/page"}],"author":[{"embeddable":true,"href":"https:\/\/persimonbouquet.com\/de\/wp-json\/wp\/v2\/users\/3"}],"replies":[{"embeddable":true,"href":"https:\/\/persimonbouquet.com\/de\/wp-json\/wp\/v2\/comments?post=791"}],"version-history":[{"count":2,"href":"https:\/\/persimonbouquet.com\/de\/wp-json\/wp\/v2\/pages\/791\/revisions"}],"predecessor-version":[{"id":819,"href":"https:\/\/persimonbouquet.com\/de\/wp-json\/wp\/v2\/pages\/791\/revisions\/819"}],"wp:attachment":[{"href":"https:\/\/persimonbouquet.com\/de\/wp-json\/wp\/v2\/media?parent=791"}],"curies":[{"name":"wp","href":"https:\/\/api.w.org\/{rel}","templated":true}]}}