{"id":754,"date":"2020-07-06T11:19:57","date_gmt":"2020-07-06T11:19:57","guid":{"rendered":"https:\/\/persimonbouquet.com\/disclaimer\/"},"modified":"2025-05-22T14:29:00","modified_gmt":"2025-05-22T14:29:00","slug":"rechtshinweis","status":"publish","type":"page","link":"https:\/\/persimonbouquet.com\/de\/rechtshinweis\/","title":{"rendered":"Rechtshinweis"},"content":{"rendered":"<div class=\"fusion-fullwidth fullwidth-box fusion-builder-row-1 nonhundred-percent-fullwidth non-hundred-percent-height-scrolling\" style=\"background-color: rgba(255,255,255,0);background-position: center center;background-repeat: no-repeat;padding-top:0px;padding-right:30px;padding-bottom:0px;padding-left:30px;margin-bottom: 0px;margin-top: 0px;border-width: 0px 0px 0px 0px;border-color:#eae9e9;border-style:solid;\" ><div class=\"fusion-builder-row fusion-row\"><div class=\"fusion-layout-column fusion_builder_column fusion-builder-column-0 fusion_builder_column_1_1 1_1 fusion-one-full fusion-column-first fusion-column-last\" style=\"margin-top:0px;margin-bottom:0px;\"><div class=\"fusion-column-wrapper fusion-flex-column-wrapper-legacy\" style=\"background-position:left top;background-repeat:no-repeat;-webkit-background-size:cover;-moz-background-size:cover;-o-background-size:cover;background-size:cover;padding: 0px 0px 0px 0px;\"><div class=\"fusion-text fusion-text-1\"><h1 style=\"text-align: center;\">RECHTSHINWEIS<\/h1>\n<\/div><div class=\"fusion-text fusion-text-2\"><p><strong><em>1.- EIGENT\u00dcMER DER WEBSITE<\/em><\/strong><\/p>\n<p>Diese Website geh\u00f6rt ANECOOP S. COOP (im Folgenden \u201eANECOOP\u201c), mit der USt-IdNr. F-46099222 und mit Sitz in der Calle Monforte 1, entl., 46010 Valencia (Spanien), eingetragen als Agrargenossenschaft mit der Nummer 22.949 in der Hauptabteilung des Genossenschaftsregisters des spanischen Ministeriums f\u00fcr Arbeit. Die E-Mail-Adresse zur Kontaktaufnahme lautet: RESPONSABLE.PRIVACIDAD@ANECOOP.COM<\/p>\n<p><strong><em>2.- ZUGRIFF AUF DIE WEBSITE <\/em><\/strong><\/p>\n<p>ANECOOP stellt der \u00d6ffentlichkeit (im Folgenden: \u201eBENUTZER\u201c), die auf diese Website (im Folgenden: \u201eWEBSITE\u201c) zugreift, Informationen \u00fcber seine Produkte und Dienstleistungen (im Folgenden: \u201eINHALTE\u201c oder \u201eDIENSTLEISTUNGEN\u201c) zur Verf\u00fcgung.<\/p>\n<p><strong><em>3.- ORDNUNGSGEM\u00c4SSE NUTZUNG DER DIENSTLEISTUNGEN<\/em><\/strong><\/p>\n<p>Der Benutzer verpflichtet sich, die Dienstleistungen sorgf\u00e4ltig, ordnungsgem\u00e4\u00df und rechtm\u00e4\u00dfig zu nutzen. Insbesondere gelten beispielhaft und uneingeschr\u00e4nkt folgende Verbote:<\/p>\n<ul>\n<li>die Dienstleistungen in einer Weise, zu Zwecken oder mit Wirkungen zu nutzen, die gegen das Gesetz, die Moral und die allgemein anerkannten guten Sitten oder die \u00f6ffentliche Ordnung versto\u00dfen;<\/li>\n<li>die Dienstleistungen zu vervielf\u00e4ltigen oder zu kopieren, zu verbreiten, \u00f6ffentlich zug\u00e4nglich zu machen, umzugestalten oder zu ver\u00e4ndern, sofern der Inhaber der entsprechenden Rechte dies nicht genehmigt oder es gesetzlich zul\u00e4ssig ist;<\/li>\n<li>Handlungen vorzunehmen, die als Verletzung der Rechte an geistigem oder gewerblichem Eigentum von ANECOOP oder Dritten gelten k\u00f6nnen;<\/li>\n<li>die Dienstleistungen und insbesondere die \u00fcber die Website erhaltenen Informationen jeder Art zu nutzen, um Werbung, Mitteilungen zu Direktverkaufszwecken oder zu anderen kommerziellen Zwecken oder auch unaufgeforderte Nachrichten unabh\u00e4ngig von ihrem Zweck an mehrere Personen zu versenden, sowie diese Informationen in irgendeiner Weise zu vermarkten oder zu verbreiten;<\/li>\n<\/ul>\n<p>Der Benutzer haftet f\u00fcr Sch\u00e4den jeder Art, die ANECOOP infolge der Verletzung einer der genannten Verpflichtungen sowie aller anderen in diesen Allgemeinen Gesch\u00e4ftsbedingungen enthaltenen oder gesetzlich vorgeschriebenen Verpflichtungen im Zusammenhang mit der Nutzung der Website erleiden k\u00f6nnte.<\/p>\n<p>Minderj\u00e4hrige Benutzer d\u00fcrfen die Website nur mit der Zustimmung ihrer Eltern oder Erziehungsberechtigten nutzen, die f\u00fcr alle Probleme bei der Nutzung der Dienstleistungen der Website verantwortlich sind.<\/p>\n<p>ANECOOP sorgt jederzeit f\u00fcr die Einhaltung der geltenden Rechtsordnung und ist berechtigt, nach eigenem Ermessen die Dienstleistung zu unterbrechen oder den Benutzer von der Website auszuschlie\u00dfen, wenn der Verdacht besteht, dass er ein im geltenden Strafgesetzbuch definiertes Verbrechen oder Vergehen begangen hat, oder wenn sein Verhalten nach Ansicht von ANECOOP gegen diese Allgemeinen Gesch\u00e4ftsbedingungen verst\u00f6\u00dft oder die ordnungsgem\u00e4\u00dfe Funktionsweise, das Image, die Glaubw\u00fcrdigkeit oder das Ansehen von ANECOOP beeintr\u00e4chtigen k\u00f6nnte.<\/p>\n<p><strong><em>4.- VERHALTENSREGELN<\/em><\/strong><\/p>\n<p>Die Benutzer k\u00f6nnen mit ANECOOP in Kontakt treten und in bestimmten Bereichen der Website interagieren, beispielsweise durch Teilen von Bereichen in sozialen Netzwerken, solange sie diesen Verhaltenskodex einhalten:<\/p>\n<ol>\n<li>DER BENUTZER DARF SICH NICHT F\u00dcR EINE ANDERE PERSON ODER ORGANISATION AUSGEBEN. Andernfalls kann er sich eines Vergehens oder einer Straftat nach dem spanischen Strafgesetzbuch und dem spanischen B\u00fcrgerliche Gesetzbuch schuldig machen.<\/li>\n<li>DER BENUTZER DARF KEINE RESPEKTLOSE, BELEIDIGENDE SPRACHE VERWENDEN. Nicht zul\u00e4ssig sind Nachrichten, die Drohungen, ernsthafte Beleidigungen oder andere Kommentare enthalten, die die Gef\u00fchle verletzen k\u00f6nnten. Gegebenenfalls beh\u00e4lt sich ANECOOP das Recht vor, Inhalte, die gegen diese Bedingung versto\u00dfen, zu entfernen und die entsprechenden rechtlichen Schritte einzuleiten.<\/li>\n<li>VOLLKOMMEN VERBOTEN ist es, Unternehmen oder Websites zu pr\u00e4sentieren, zu zitieren und zu empfehlen und generell Marketing- oder Spam-Aktionen durchzuf\u00fchren. Solche Inhalte werden zusammen mit den Konten, von denen die Aktionen ausgehen, gel\u00f6scht und der spanischen Datenschutzbeh\u00f6rde gemeldet.<\/li>\n<\/ol>\n<p><strong><em>5.- EIGENTUMSRECHTE<\/em><\/strong><\/p>\n<p><strong><em>\u00a0<\/em><\/strong><\/p>\n<p>Alle Inhalte der Website, wie Texte, Meinungsartikel, Grafiken, Fotos, Logos, Icons, Bilder sowie die grafische Gestaltung, der Quellcode und die Software sind ausschlie\u00dflich Eigentum von ANECOOP oder von Dritten, deren Rechte in dieser Hinsicht rechtm\u00e4\u00dfig von ANECOOP gehalten werden. Daher sind sie durch nationale und internationale Gesetze gesch\u00fctzt.<\/p>\n<p>Strengstens untersagt ist die Verwendung aller unter das gewerbliche und geistige Eigentum fallenden Elemente zu kommerziellen Zwecken sowie deren Verbreitung, Ver\u00e4nderung, Ab\u00e4nderung oder Dekompilierung.<\/p>\n<p><strong><em>6.- GARANTIE- UND HAFTUNGSAUSSCHLUSS<\/em><\/strong><\/p>\n<p>ANECOOP beh\u00e4lt sich das Recht vor, den Zugriff auf die Dienstleistungen jederzeit ohne Vorank\u00fcndigung zu unterbrechen, sei es aus technischen Gr\u00fcnden, aufgrund von Sicherheits-, Kontroll- oder Wartungsma\u00dfnahmen, Stromausfall oder aus anderen berechtigten Gr\u00fcnden.<\/p>\n<p>Infolgedessen garantiert ANECOOP nicht f\u00fcr die Zuverl\u00e4ssigkeit, Verf\u00fcgbarkeit und Kontinuit\u00e4t der Website bzw. der Dienstleistungen, sodass deren Nutzung durch die Benutzer auf eigenes Risiko erfolgt und ANECOOP in dieser Hinsicht zu keinem Zeitpunkt haftbar gemacht werden kann.<\/p>\n<p>Dar\u00fcber hinaus \u00fcbernimmt ANECOOP keinerlei Haftung in F\u00e4llen wie den folgenden:<\/p>\n<ul>\n<li>f\u00fcr die verbotene oder erlaubte Nutzung der auf der Website verf\u00fcgbaren Materialien durch die Benutzer, bei der die geistigen oder gewerblichen Eigentumsrechte an den Inhalten der Website oder von Websites Dritter verletzt werden;<\/li>\n<li>f\u00fcr eventuelle Sch\u00e4den, die den Benutzern durch die normale oder anormale Funktionsweise der Suchtools, die Organisation oder den Standort der Inhalte oder den Zugriff auf die Dienstleistungen entstehen, sowie allgemein f\u00fcr Fehler oder Probleme, die bei der Entwicklung oder Ausstattung der technischen Elemente des Dienstes entstehen;<\/li>\n<li>f\u00fcr die Inhalte der Seiten, auf die die Benutzer \u00fcber die Links auf der Website Links zugreifen k\u00f6nnen:<\/li>\n<li>f\u00fcr Handlungen oder Unterlassungen von Dritten, unabh\u00e4ngig davon, ob diese vertraglich an ANECOOP gebunden sind.<\/li>\n<\/ul>\n<p>Ebenso schlie\u00dft ANECOOP jegliche Haftung f\u00fcr Sch\u00e4den aus, die auf Viren oder andere sch\u00e4dliche Elemente in den Inhalten zur\u00fcckzuf\u00fchren sind, welche Ver\u00e4nderungen an den Computersystemen sowie an den darin gespeicherten Dokumenten oder Systemen verursachen k\u00f6nnen. Daher \u00fcbernimmt ANECOOP keinerlei Haftung in F\u00e4llen wie den folgenden:<\/p>\n<ul>\n<li>Fehler oder Verz\u00f6gerungen beim Zugriff auf die Dienstleistungen durch den Benutzer bei der Eingabe seiner Daten in das entsprechende Formular oder m\u00f6gliche Anomalien, die auf Probleme im Internet, zuf\u00e4llige Ereignisse, h\u00f6here Gewalt oder anderen unvorhersehbare Eventualit\u00e4ten, die sich dem guten Glauben von ANECOOP entziehen, zur\u00fcckzuf\u00fchren sind.<\/li>\n<li>Kommunikationsfehler oder -st\u00f6rungen, L\u00f6schung oder unvollst\u00e4ndige \u00dcbertragungen, sodass nicht f\u00fcr die st\u00e4ndige Betriebsbereitschaft der Dienstleistungen der Website garantiert werden kann.<\/li>\n<li>Fehler oder Sch\u00e4den an der Website, die durch ineffiziente und b\u00f6swillige Nutzung der Dienstleistung durch den Benutzer verursacht werden.<\/li>\n<li>Ausf\u00e4lle oder Probleme der vom Benutzer angegebenen E-Mail-Adresse f\u00fcr die \u00dcbermittlung der angeforderten Informationen.<\/li>\n<\/ul>\n<p>In jedem Fall verpflichtet sich ANECOOP, auftretende Probleme zu l\u00f6sen und dem Benutzer alle notwendige Unterst\u00fctzung f\u00fcr eine schnelle, zufriedenstellende Probleml\u00f6sung zu bieten.<\/p>\n<p><strong><em>7.- VERLINKUNG ANDERER WEBSITES<\/em><\/strong><\/p>\n<p>ANECOOP \u00fcbernimmt keinerlei Garantie oder Haftung f\u00fcr eventuelle Sch\u00e4den infolge des Zugriffs auf Dienstleistungen\/Inhalte Dritter \u00fcber Verbindungen, Verkn\u00fcpfungen oder Links auf verlinkten Seiten noch f\u00fcr deren Richtigkeit oder Zuverl\u00e4ssigkeit. Die Funktion der Links auf der Website von ANECOOP besteht ausschlie\u00dflich darin, den Benutzer \u00fcber andere Informationsquellen im Internet in Kenntnis zu setzen, wo er die auf der Website angebotenen Dienstleistungen erweitern kann. ANECOOP haftet weder f\u00fcr die Ergebnisse, die \u00fcber diese Links erzielt werden, noch f\u00fcr die Folgen des Zugriffs der Benutzer auf diese Links. Diese Dienstleistungen werden von Dritten angeboten und ANECOOP kann und wird die Rechtm\u00e4\u00dfigkeit der Dienstleistungen oder ihre Qualit\u00e4t nicht kontrollieren. Folglich muss der Benutzer bei der Bewertung und Nutzung der Informationen und Dienstleistungen, die in den Inhalten Dritter enthalten sind, \u00e4u\u00dferste Vorsicht walten lassen.<\/p>\n<p>Es ist ausdr\u00fccklich verboten, ohne die ausdr\u00fcckliche Zustimmung von ANECOOP Hyperlinks zu kommerziellen Zwecken auf nicht zu ANECOOP geh\u00f6renden Websites einzurichten, die den Zugang zu unserer Website erm\u00f6glichen. In jedem Fall lassen m\u00f6gliche Hyperlinks auf nicht zu ANECOOP geh\u00f6renden Websites weder auf Gesch\u00e4fts- oder Handelsbeziehungen mit dem Eigent\u00fcmer der Website schlie\u00dfen, auf der der Hyperlink eingerichtet ist, noch auf die Einwilligung durch ANECOOP.<\/p>\n<p><strong><em>8.- DATENVERARBEITUNG UND VERWENDUNG VON COOKIES<\/em><\/strong><\/p>\n<p>Gem\u00e4\u00df den Datenschutzbestimmungen informieren wir Sie dar\u00fcber, dass die personenbezogenen Daten, die Sie uns \u00fcber unsere Website oder per E-Mail zur Verf\u00fcgung stellen, von ANECOOP S. COOP als f\u00fcr die Datenverarbeitung Verantwortlichem verarbeitet werden. Dies geschieht aufgrund der vom Benutzer erteilten Zustimmung zu den in der Datenschutzerkl\u00e4rung beschriebenen Zwecken, die gelesen, verstanden und akzeptiert werden muss, um dieses Webportal nutzen zu k\u00f6nnen.<\/p>\n<p>Der Benutzer haftet in jedem Fall f\u00fcr die Richtigkeit der angegebenen Daten und kann sein Recht auf Zugang, L\u00f6schung, Berichtigung, Widerspruch, Einschr\u00e4nkung der Verarbeitung und \u00dcbertragbarkeit aus\u00fcben, indem er sich schriftlich an das Unternehmen \u2013 an dessen Sitz oder per E-Mail an <a href=\"mailto:RESPONSABLE.PRIVACIDAD@ANECOOP.COM\">RESPONSABLE.PRIVACIDAD@ANECOOP.COM<\/a> \u2013 wendet, wobei er seine Identit\u00e4t nachweisen muss. Gegebenenfalls kann er sich auch an die spanische Datenschutzbeh\u00f6rde [Agencia Espa\u00f1ola de Protecci\u00f3n de Datos] wenden.<\/p>\n<p>ANECOOP verpflichtet sich seinerseits, seiner Verpflichtung zur Geheimhaltung der personenbezogenen Daten nachzukommen, und hat daher die n\u00f6tigen Ma\u00dfnahmen ergriffen, um deren Ver\u00e4nderung, Verlust oder Verarbeitung oder den unbefugten Zugriff darauf zu verhindern, wobei jederzeit der Stand der Technik ber\u00fccksichtigt wird.<\/p>\n<p>ANECOOP informiert Sie dar\u00fcber hinaus, dass beim Besuch dieser Website keine personenbezogenen Daten, die einen Benutzer identifizieren, automatisch gespeichert werden. Vielmehr werden w\u00e4hrend der Live-Sitzung durch so genannte \u201eCookies\u201c bestimmte nicht personenbezogene Informationen erfasst, die nicht mit einem bestimmten Benutzer identifizierbar sind und uns statistische Angaben zur Nutzung der Website liefern, damit wir Verbesserungen vornehmen k\u00f6nnen. Alle Benutzer m\u00fcssen zwecks Nutzung der Website unseren Cookie-Hinweis einsehen.<\/p>\n<p><strong><em>9.- GELTENDES RECHT UND GERICHTSBARKEIT<\/em><\/strong><\/p>\n<p>F\u00fcr m\u00f6gliche Auslegungs- und Streitfragen gilt das spanische Recht. Im Falle eines Rechtsstreits erkl\u00e4ren sich beide Parteien damit einverstanden, sich der Gerichtsbarkeit der Gerichte der Stadt Valencia (Spanien) zu unterwerfen und auf andere Gerichtsbarkeiten zu verzichten.<\/p>\n<\/div><div class=\"fusion-clearfix\"><\/div><\/div><\/div><\/div><\/div>\n","protected":false},"excerpt":{"rendered":"","protected":false},"author":1,"featured_media":0,"parent":0,"menu_order":0,"comment_status":"closed","ping_status":"closed","template":"","meta":{"footnotes":""},"class_list":["post-754","page","type-page","status-publish","hentry"],"jetpack_sharing_enabled":true,"_links":{"self":[{"href":"https:\/\/persimonbouquet.com\/de\/wp-json\/wp\/v2\/pages\/754","targetHints":{"allow":["GET"]}}],"collection":[{"href":"https:\/\/persimonbouquet.com\/de\/wp-json\/wp\/v2\/pages"}],"about":[{"href":"https:\/\/persimonbouquet.com\/de\/wp-json\/wp\/v2\/types\/page"}],"author":[{"embeddable":true,"href":"https:\/\/persimonbouquet.com\/de\/wp-json\/wp\/v2\/users\/1"}],"replies":[{"embeddable":true,"href":"https:\/\/persimonbouquet.com\/de\/wp-json\/wp\/v2\/comments?post=754"}],"version-history":[{"count":4,"href":"https:\/\/persimonbouquet.com\/de\/wp-json\/wp\/v2\/pages\/754\/revisions"}],"predecessor-version":[{"id":818,"href":"https:\/\/persimonbouquet.com\/de\/wp-json\/wp\/v2\/pages\/754\/revisions\/818"}],"wp:attachment":[{"href":"https:\/\/persimonbouquet.com\/de\/wp-json\/wp\/v2\/media?parent=754"}],"curies":[{"name":"wp","href":"https:\/\/api.w.org\/{rel}","templated":true}]}}